{"id":40,"date":"2022-10-05T18:40:58","date_gmt":"2022-10-05T16:40:58","guid":{"rendered":"https:\/\/lpro.lt\/?page_id=40"},"modified":"2022-11-27T11:16:44","modified_gmt":"2022-11-27T09:16:44","slug":"paslaugos","status":"publish","type":"page","link":"https:\/\/lpro.lt\/index.php\/titulinis\/paslaugos\/","title":{"rendered":"Paslaugos"},"content":{"rendered":"\n<p class=\"has-text-align-center has-extra-large-font-size\">\u2022 0,4 kV elektros tinkl\u0173 projektavimas<br>\u2022 Gatv\u0117s ap\u0161vietimo tinkl\u0173 projektavimas<br>\u2022 Ap\u0161vietos skai\u010diavimai Dialux programa<br>\u2022 Elektriniai matavimai ir protokol\u0173 parengimas<br>\u2022 Rangovo akto parengimas<br>\u2022 Saul\u0117s elektrini\u0173 pridavimas AB \u201eESO\u201d<\/p>\n","protected":false},"excerpt":{"rendered":"<p>\u2022 0,4 kV elektros tinkl\u0173 projektavimas\u2022 Gatv\u0117s ap\u0161vietimo tinkl\u0173 projektavimas\u2022 Ap\u0161vietos skai\u010diavimai Dialux programa\u2022 Elektriniai matavimai ir protokol\u0173 parengimas\u2022 Rangovo akto parengimas\u2022 Saul\u0117s elektrini\u0173 pridavimas AB \u201eESO\u201d<\/p>\n","protected":false},"author":1,"featured_media":0,"parent":7,"menu_order":0,"comment_status":"closed","ping_status":"closed","template":"","meta":{"om_disable_all_campaigns":false,"_monsterinsights_skip_tracking":false,"_monsterinsights_sitenote_active":false,"_monsterinsights_sitenote_note":"","_monsterinsights_sitenote_category":0,"footnotes":""},"class_list":["post-40","page","type-page","status-publish","hentry"],"aioseo_notices":[],"_links":{"self":[{"href":"https:\/\/lpro.lt\/index.php\/wp-json\/wp\/v2\/pages\/40","targetHints":{"allow":["GET"]}}],"collection":[{"href":"https:\/\/lpro.lt\/index.php\/wp-json\/wp\/v2\/pages"}],"about":[{"href":"https:\/\/lpro.lt\/index.php\/wp-json\/wp\/v2\/types\/page"}],"author":[{"embeddable":true,"href":"https:\/\/lpro.lt\/index.php\/wp-json\/wp\/v2\/users\/1"}],"replies":[{"embeddable":true,"href":"https:\/\/lpro.lt\/index.php\/wp-json\/wp\/v2\/comments?post=40"}],"version-history":[{"count":7,"href":"https:\/\/lpro.lt\/index.php\/wp-json\/wp\/v2\/pages\/40\/revisions"}],"predecessor-version":[{"id":80,"href":"https:\/\/lpro.lt\/index.php\/wp-json\/wp\/v2\/pages\/40\/revisions\/80"}],"up":[{"embeddable":true,"href":"https:\/\/lpro.lt\/index.php\/wp-json\/wp\/v2\/pages\/7"}],"wp:attachment":[{"href":"https:\/\/lpro.lt\/index.php\/wp-json\/wp\/v2\/media?parent=40"}],"curies":[{"name":"wp","href":"https:\/\/api.w.org\/{rel}","templated":true}]}}